{"id":42,"date":"2020-12-23T09:29:57","date_gmt":"2020-12-23T09:29:57","guid":{"rendered":"https:\/\/microdosingxp.com\/?page_id=42"},"modified":"2023-09-12T09:50:24","modified_gmt":"2023-09-12T07:50:24","slug":"thailandisch-xp","status":"publish","type":"page","link":"https:\/\/microdosingxp.com\/de\/grow-kits-xp\/thai-xp\/","title":{"rendered":"Thai XP"},"content":{"rendered":"<p>[et_pb_section fb_built=&#8221;1&#8243; fullwidth=&#8221;on&#8221; _builder_version=&#8221;4.16&#8243; _module_preset=&#8221;default&#8221; global_colors_info=&#8221;{}&#8221;][et_pb_fullwidth_slider _builder_version=&#8221;4.16&#8243; _module_preset=&#8221;default&#8221; global_colors_info=&#8221;{}&#8221;][et_pb_slide heading=&#8221;100% Mycelium Grow Kit Thai XP&#8221; _builder_version=&#8221;4.16&#8243; _module_preset=&#8221;default&#8221; background_image=&#8221;https:\/\/microdosingxp.com\/wp-content\/uploads\/growkit-Thai-XP.jpg&#8221; background_enable_image=&#8221;on&#8221; background_position=&#8221;top_center&#8221; global_colors_info=&#8221;{}&#8221; sticky_transition=&#8221;on&#8221;][\/et_pb_slide][\/et_pb_fullwidth_slider][\/et_pb_section][et_pb_section fb_built=&#8221;1&#8243; specialty=&#8221;on&#8221; _builder_version=&#8221;4.16&#8243; _module_preset=&#8221;default&#8221; custom_padding=&#8221;29px|||||&#8221; global_colors_info=&#8221;{}&#8221;][et_pb_column type=&#8221;2_3&#8243; specialty_columns=&#8221;2&#8243; _builder_version=&#8221;4.16&#8243; custom_padding=&#8221;|||&#8221; global_colors_info=&#8221;{}&#8221; custom_padding__hover=&#8221;|||&#8221;][et_pb_row_inner _builder_version=&#8221;4.16&#8243; _module_preset=&#8221;default&#8221; custom_padding=&#8221;2px|||||&#8221; global_colors_info=&#8221;{}&#8221;][et_pb_column_inner saved_specialty_column_type=&#8221;2_3&#8243; _builder_version=&#8221;4.16&#8243; _module_preset=&#8221;default&#8221; global_colors_info=&#8221;{}&#8221;][et_pb_image src=&#8221;https:\/\/microdosingxp.com\/wp-content\/uploads\/Thai-XP-met-specs.png&#8221; title_text=&#8221;Thai XP met specs&#8221; _builder_version=&#8221;4.16&#8243; _module_preset=&#8221;default&#8221; animation_style=&#8221;fade&#8221; global_colors_info=&#8221;{}&#8221;][\/et_pb_image][et_pb_text _builder_version=&#8221;4.16&#8243; _module_preset=&#8221;default&#8221; animation_style=&#8221;fade&#8221; global_colors_info=&#8221;{}&#8221;]<\/p>\n<p>Het land van herkomst van de Psilocybe cubensis Thai is Koh Samui, Thailand. Hij werd ontdekt door etnomycoloog John Allen in de stad Hua Thanon. Deze magische paddo heeft kortere vruchten dan andere Psilocybe cubenses, maar een grote hoed en lange en echt vlezige stengels. Deze paddo wordt beschouwd als de beste party-mushroom. In Thailand wordt een maandelijks Full Moon Festival georganiseerd om hun heilige paddenstoelen te eren. Snel groeiend, overvloedige oogst, intense visuele effecten en een relaxed gevoel maken deze paddo zeer populair. Het is ook een uitstekende soort voor beginners. Als u de juiste balans en een goede energie in uw leven wilt brengen, is dit uw perfecte paddo!\u00a0<\/p>\n<p>Vanwege de kwaliteit van de paddenstoel is het gehalte aan werkzame stof aanzienlijk hoger dan de traditionele kweekset.<\/p>\n<p>[\/et_pb_text][\/et_pb_column_inner][\/et_pb_row_inner][et_pb_row_inner _builder_version=&#8221;4.22.1&#8243; _module_preset=&#8221;default&#8221; custom_padding=&#8221;0px||0px||false|false&#8221; global_colors_info=&#8221;{}&#8221; theme_builder_area=&#8221;post_content&#8221;][et_pb_column_inner _builder_version=&#8221;4.22.1&#8243; _module_preset=&#8221;default&#8221; global_colors_info=&#8221;{}&#8221; saved_specialty_column_type=&#8221;2_3&#8243; theme_builder_area=&#8221;post_content&#8221;][et_pb_image src=&#8221;https:\/\/microdosingxp.com\/wp-content\/uploads\/growkit_draaien-scaled.jpg&#8221; title_text=&#8221;growkit_draaien&#8221; _builder_version=&#8221;4.22.1&#8243; _module_preset=&#8221;default&#8221; custom_margin=&#8221;0px|0px|0px|0px|false|false&#8221; custom_padding=&#8221;0px|0px|0px|0px|false|false&#8221; global_colors_info=&#8221;{}&#8221; theme_builder_area=&#8221;post_content&#8221;][\/et_pb_image][et_pb_text _builder_version=&#8221;4.22.1&#8243; _module_preset=&#8221;default&#8221; background_color=&#8221;#EEDEC8&#8243; custom_margin=&#8221;0px|0px|0px|0px|false|false&#8221; custom_padding=&#8221;0px|0px|0px|0px|false|false&#8221; global_colors_info=&#8221;{}&#8221; theme_builder_area=&#8221;post_content&#8221;]<\/p>\n<p style=\"text-align: center;\"><strong><\/strong><\/p>\n<p style=\"text-align: center;\"><strong>Kweektip!<\/strong> Als er naar een week nog g\u00e9\u00e9n knoppen opstaan<br \/>zet het kweeksubstraat dan recht overeind.<\/p>\n<p style=\"text-align: center;\">[\/et_pb_text][\/et_pb_column_inner][\/et_pb_row_inner][\/et_pb_column][et_pb_column type=&#8221;1_3&#8243; _builder_version=&#8221;4.16&#8243; custom_padding=&#8221;|||&#8221; global_colors_info=&#8221;{}&#8221; custom_padding__hover=&#8221;|||&#8221;][et_pb_sidebar area=&#8221;et_pb_widget_area_1&#8243; show_border=&#8221;off&#8221; _builder_version=&#8221;4.16&#8243; _module_preset=&#8221;default&#8221; header_text_color=&#8221;#b4a07a&#8221; header_font_size=&#8221;25px&#8221; header_line_height=&#8221;1.6em&#8221; global_colors_info=&#8221;{}&#8221;][\/et_pb_sidebar][\/et_pb_column][\/et_pb_section][et_pb_section fb_built=&#8221;1&#8243; fullwidth=&#8221;on&#8221; _builder_version=&#8221;4.7.7&#8243; _module_preset=&#8221;default&#8221; global_module=&#8221;603&#8243; saved_tabs=&#8221;all&#8221; global_colors_info=&#8221;{}&#8221;][et_pb_fullwidth_image src=&#8221;https:\/\/microdosingxp.com\/wp-content\/uploads\/Inner-peace2.png&#8221; title_text=&#8221;Inner peace2&#8243; _builder_version=&#8221;4.16&#8243; _module_preset=&#8221;default&#8221; global_colors_info=&#8221;{}&#8221;][\/et_pb_fullwidth_image][\/et_pb_section]<\/p>\n","protected":false},"excerpt":{"rendered":"<p>Het land van herkomst van de Psilocybe cubensis Thai is Koh Samui, Thailand. Hij werd ontdekt door etnomycoloog John Allen in de stad Hua Thanon. Deze magische paddo heeft kortere vruchten dan andere Psilocybe cubenses, maar een grote hoed en lange en echt vlezige stengels. Deze paddo wordt beschouwd als de beste party-mushroom. In Thailand [&hellip;]<\/p>\n","protected":false},"author":3,"featured_media":0,"parent":8,"menu_order":0,"comment_status":"closed","ping_status":"closed","template":"","meta":{"_et_pb_use_builder":"on","_et_pb_old_content":"","_et_gb_content_width":"","footnotes":""},"class_list":["post-42","page","type-page","status-publish","hentry"],"yoast_head":"<!-- This site is optimized with the Yoast SEO plugin v27.6 - https:\/\/yoast.com\/product\/yoast-seo-wordpress\/ -->\n<title>Thai XP - MicrodosingXP<\/title>\n<meta name=\"description\" content=\"Het land van herkomst van de Psilocybe cubensis Thai is Koh Samui, Thailand. Hij werd ontdekt door etnomycoloog John Allen in de stad Hua Thanon. Deze magische paddo heeft kortere vruchten dan andere Psilocybe cubenses, maar een grote hoed en lange en echt vlezige stengels.\" \/>\n<meta name=\"robots\" content=\"index, follow, max-snippet:-1, max-image-preview:large, max-video-preview:-1\" \/>\n<link rel=\"canonical\" href=\"https:\/\/microdosingxp.com\/de\/grow-kits-xp\/thailandisch-xp\/\" \/>\n<meta property=\"og:locale\" content=\"de_DE\" \/>\n<meta property=\"og:type\" content=\"article\" \/>\n<meta property=\"og:title\" content=\"Thai XP - MicrodosingXP\" \/>\n<meta property=\"og:description\" content=\"Het land van herkomst van de Psilocybe cubensis Thai is Koh Samui, Thailand. Hij werd ontdekt door etnomycoloog John Allen in de stad Hua Thanon. Deze magische paddo heeft kortere vruchten dan andere Psilocybe cubenses, maar een grote hoed en lange en echt vlezige stengels.\" \/>\n<meta property=\"og:url\" content=\"https:\/\/microdosingxp.com\/de\/grow-kits-xp\/thailandisch-xp\/\" \/>\n<meta property=\"og:site_name\" content=\"MicrodosingXP\" \/>\n<meta property=\"article:modified_time\" content=\"2023-09-12T07:50:24+00:00\" \/>\n<meta name=\"twitter:card\" content=\"summary_large_image\" \/>\n<meta name=\"twitter:label1\" content=\"Gesch\u00e4tzte Lesezeit\" \/>\n\t<meta name=\"twitter:data1\" content=\"1\u00a0Minute\" \/>\n<script type=\"application\/ld+json\" class=\"yoast-schema-graph\">{\"@context\":\"https:\\\/\\\/schema.org\",\"@graph\":[{\"@type\":\"WebPage\",\"@id\":\"https:\\\/\\\/microdosingxp.com\\\/nl\\\/grow-kits-xp\\\/thai-xp\\\/\",\"url\":\"https:\\\/\\\/microdosingxp.com\\\/nl\\\/grow-kits-xp\\\/thai-xp\\\/\",\"name\":\"Thai XP - MicrodosingXP\",\"isPartOf\":{\"@id\":\"https:\\\/\\\/microdosingxp.com\\\/#website\"},\"datePublished\":\"2020-12-23T09:29:57+00:00\",\"dateModified\":\"2023-09-12T07:50:24+00:00\",\"description\":\"Het land van herkomst van de Psilocybe cubensis Thai is Koh Samui, Thailand. Hij werd ontdekt door etnomycoloog John Allen in de stad Hua Thanon. Deze magische paddo heeft kortere vruchten dan andere Psilocybe cubenses, maar een grote hoed en lange en echt vlezige stengels.\",\"breadcrumb\":{\"@id\":\"https:\\\/\\\/microdosingxp.com\\\/nl\\\/grow-kits-xp\\\/thai-xp\\\/#breadcrumb\"},\"inLanguage\":\"de\",\"potentialAction\":[{\"@type\":\"ReadAction\",\"target\":[\"https:\\\/\\\/microdosingxp.com\\\/nl\\\/grow-kits-xp\\\/thai-xp\\\/\"]}]},{\"@type\":\"BreadcrumbList\",\"@id\":\"https:\\\/\\\/microdosingxp.com\\\/nl\\\/grow-kits-xp\\\/thai-xp\\\/#breadcrumb\",\"itemListElement\":[{\"@type\":\"ListItem\",\"position\":1,\"name\":\"Home\",\"item\":\"https:\\\/\\\/microdosingxp.com\\\/nl\\\/\"},{\"@type\":\"ListItem\",\"position\":2,\"name\":\"Grow kits XP\",\"item\":\"https:\\\/\\\/microdosingxp.com\\\/nl\\\/grow-kits-xp\\\/\"},{\"@type\":\"ListItem\",\"position\":3,\"name\":\"Thai XP\"}]},{\"@type\":\"WebSite\",\"@id\":\"https:\\\/\\\/microdosingxp.com\\\/#website\",\"url\":\"https:\\\/\\\/microdosingxp.com\\\/\",\"name\":\"MicrodosingXP\",\"description\":\"\",\"potentialAction\":[{\"@type\":\"SearchAction\",\"target\":{\"@type\":\"EntryPoint\",\"urlTemplate\":\"https:\\\/\\\/microdosingxp.com\\\/?s={search_term_string}\"},\"query-input\":{\"@type\":\"PropertyValueSpecification\",\"valueRequired\":true,\"valueName\":\"search_term_string\"}}],\"inLanguage\":\"de\"}]}<\/script>\n<!-- \/ Yoast SEO plugin. -->","yoast_head_json":{"title":"Thail\u00e4ndisch XP - MicrodosingXP","description":"Das Ursprungsland von Psilocybe cubensis Thai ist Koh Samui, Thailand. Sie wurde von dem Ethnomykologen John Allen in der Stadt Hua Thanon entdeckt. Dieser magische Pilz hat k\u00fcrzere Fr\u00fcchte als andere Psilocybe-W\u00fcrfel, aber einen gro\u00dfen Hut und lange und wirklich fleischige Stiele.","robots":{"index":"index","follow":"follow","max-snippet":"max-snippet:-1","max-image-preview":"max-image-preview:large","max-video-preview":"max-video-preview:-1"},"canonical":"https:\/\/microdosingxp.com\/de\/grow-kits-xp\/thailandisch-xp\/","og_locale":"de_DE","og_type":"article","og_title":"Thai XP - MicrodosingXP","og_description":"Het land van herkomst van de Psilocybe cubensis Thai is Koh Samui, Thailand. Hij werd ontdekt door etnomycoloog John Allen in de stad Hua Thanon. Deze magische paddo heeft kortere vruchten dan andere Psilocybe cubenses, maar een grote hoed en lange en echt vlezige stengels.","og_url":"https:\/\/microdosingxp.com\/de\/grow-kits-xp\/thailandisch-xp\/","og_site_name":"MicrodosingXP","article_modified_time":"2023-09-12T07:50:24+00:00","twitter_card":"summary_large_image","twitter_misc":{"Gesch\u00e4tzte Lesezeit":"1\u00a0Minute"},"schema":{"@context":"https:\/\/schema.org","@graph":[{"@type":"WebPage","@id":"https:\/\/microdosingxp.com\/nl\/grow-kits-xp\/thai-xp\/","url":"https:\/\/microdosingxp.com\/nl\/grow-kits-xp\/thai-xp\/","name":"Thail\u00e4ndisch XP - MicrodosingXP","isPartOf":{"@id":"https:\/\/microdosingxp.com\/#website"},"datePublished":"2020-12-23T09:29:57+00:00","dateModified":"2023-09-12T07:50:24+00:00","description":"Das Ursprungsland von Psilocybe cubensis Thai ist Koh Samui, Thailand. Sie wurde von dem Ethnomykologen John Allen in der Stadt Hua Thanon entdeckt. Dieser magische Pilz hat k\u00fcrzere Fr\u00fcchte als andere Psilocybe-W\u00fcrfel, aber einen gro\u00dfen Hut und lange und wirklich fleischige Stiele.","breadcrumb":{"@id":"https:\/\/microdosingxp.com\/nl\/grow-kits-xp\/thai-xp\/#breadcrumb"},"inLanguage":"de","potentialAction":[{"@type":"ReadAction","target":["https:\/\/microdosingxp.com\/nl\/grow-kits-xp\/thai-xp\/"]}]},{"@type":"BreadcrumbList","@id":"https:\/\/microdosingxp.com\/nl\/grow-kits-xp\/thai-xp\/#breadcrumb","itemListElement":[{"@type":"ListItem","position":1,"name":"Home","item":"https:\/\/microdosingxp.com\/nl\/"},{"@type":"ListItem","position":2,"name":"Grow kits XP","item":"https:\/\/microdosingxp.com\/nl\/grow-kits-xp\/"},{"@type":"ListItem","position":3,"name":"Thai XP"}]},{"@type":"WebSite","@id":"https:\/\/microdosingxp.com\/#website","url":"https:\/\/microdosingxp.com\/","name":"MicrodosingXP","description":"","potentialAction":[{"@type":"SearchAction","target":{"@type":"EntryPoint","urlTemplate":"https:\/\/microdosingxp.com\/?s={search_term_string}"},"query-input":{"@type":"PropertyValueSpecification","valueRequired":true,"valueName":"search_term_string"}}],"inLanguage":"de"}]}},"_links":{"self":[{"href":"https:\/\/microdosingxp.com\/de\/wp-json\/wp\/v2\/pages\/42","targetHints":{"allow":["GET"]}}],"collection":[{"href":"https:\/\/microdosingxp.com\/de\/wp-json\/wp\/v2\/pages"}],"about":[{"href":"https:\/\/microdosingxp.com\/de\/wp-json\/wp\/v2\/types\/page"}],"author":[{"embeddable":true,"href":"https:\/\/microdosingxp.com\/de\/wp-json\/wp\/v2\/users\/3"}],"replies":[{"embeddable":true,"href":"https:\/\/microdosingxp.com\/de\/wp-json\/wp\/v2\/comments?post=42"}],"version-history":[{"count":1,"href":"https:\/\/microdosingxp.com\/de\/wp-json\/wp\/v2\/pages\/42\/revisions"}],"predecessor-version":[{"id":4064,"href":"https:\/\/microdosingxp.com\/de\/wp-json\/wp\/v2\/pages\/42\/revisions\/4064"}],"up":[{"embeddable":true,"href":"https:\/\/microdosingxp.com\/de\/wp-json\/wp\/v2\/pages\/8"}],"wp:attachment":[{"href":"https:\/\/microdosingxp.com\/de\/wp-json\/wp\/v2\/media?parent=42"}],"curies":[{"name":"wp","href":"https:\/\/api.w.org\/{rel}","templated":true}]}}