{"id":2526,"date":"2021-10-05T09:46:18","date_gmt":"2021-10-05T07:46:18","guid":{"rendered":"https:\/\/microdosingxp.com\/?page_id=2526"},"modified":"2022-02-10T16:20:09","modified_gmt":"2022-02-10T15:20:09","slug":"devenir-revendeur","status":"publish","type":"page","link":"https:\/\/microdosingxp.com\/fr\/word-een-reseller\/","title":{"rendered":"Revendeur"},"content":{"rendered":"<p>[et_pb_section fb_built=&#8221;1&#8243; fullwidth=&#8221;on&#8221; _builder_version=&#8221;4.10.6&#8243; _module_preset=&#8221;default&#8221; global_colors_info=&#8221;{}&#8221;][et_pb_fullwidth_header title=&#8221;Word een offici\u00eble reseller&#8221; _builder_version=&#8221;4.11.1&#8243; _module_preset=&#8221;default&#8221; title_text_align=&#8221;center&#8221; title_font_size=&#8221;46px&#8221; use_background_color_gradient=&#8221;on&#8221; background_color_gradient_start=&#8221;rgba(247,255,147,0)&#8221; background_color_gradient_end=&#8221;rgba(196,196,196,0)&#8221; background_color_gradient_direction=&#8221;320deg&#8221; background_image=&#8221;https:\/\/microdosingxp.com\/wp-content\/uploads\/Freshmushrooms-MicrodosingXP_topbanner.jpg&#8221; min_height=&#8221;540px&#8221; custom_margin=&#8221;||||false|false&#8221; custom_padding=&#8221;200px||200px||true|false&#8221; title_text_shadow_style=&#8221;preset1&#8243; global_colors_info=&#8221;{}&#8221;][\/et_pb_fullwidth_header][\/et_pb_section][et_pb_section fb_built=&#8221;1&#8243; _builder_version=&#8221;4.10.6&#8243; _module_preset=&#8221;default&#8221; custom_padding=&#8221;||80px|||&#8221; global_colors_info=&#8221;{}&#8221;][et_pb_row column_structure=&#8221;1_2,1_2&#8243; _builder_version=&#8221;4.10.6&#8243; _module_preset=&#8221;default&#8221; custom_padding=&#8221;||30px|||&#8221; global_colors_info=&#8221;{}&#8221;][et_pb_column type=&#8221;1_2&#8243; _builder_version=&#8221;4.10.6&#8243; _module_preset=&#8221;default&#8221; global_colors_info=&#8221;{}&#8221;][et_pb_text _builder_version=&#8221;4.11.1&#8243; _module_preset=&#8221;default&#8221; header_2_text_color=&#8221;#b4a07a&#8221; global_colors_info=&#8221;{}&#8221;]<\/p>\n<h2>Reselling<\/h2>\n<p>Fresh Mushrooms Ltd is al 25 jaar marktleider in de productie van verse psilocybine bevattende truffels. De truffels van Fresh Mushrooms zijn van hoge kwaliteit en voldoen volledig aan de norm die is vastgesteld door de Europese Autoriteit voor voedselveiligheid (EU 1881\/2006). De blisterverpakking van Fresh Mushrooms zorgt ervoor dat de kwaliteit van de Magic Truffels gegarandeerd tot drie maanden vers blijft, dankzij de vacu\u00fcmverzegeling. Heeft u interesse om wederverkoper van ons product te worden? Vul dan ons formulier hieronder in.<\/p>\n<p>[\/et_pb_text][\/et_pb_column][et_pb_column type=&#8221;1_2&#8243; _builder_version=&#8221;4.10.6&#8243; _module_preset=&#8221;default&#8221; global_colors_info=&#8221;{}&#8221;][et_pb_image src=&#8221;https:\/\/microdosingxp.com\/wp-content\/uploads\/Magic-Truffles-in-kom.png&#8221; title_text=&#8221;Magic-Truffles-in-kom&#8221; _builder_version=&#8221;4.10.6&#8243; _module_preset=&#8221;default&#8221; box_shadow_style=&#8221;preset1&#8243; global_colors_info=&#8221;{}&#8221;][\/et_pb_image][\/et_pb_column][\/et_pb_row][\/et_pb_section][et_pb_section fb_built=&#8221;1&#8243; fullwidth=&#8221;on&#8221; _builder_version=&#8221;4.10.6&#8243; _module_preset=&#8221;default&#8221; global_colors_info=&#8221;{}&#8221;][et_pb_fullwidth_image src=&#8221;https:\/\/microdosingxp.com\/wp-content\/uploads\/Werkende-vrouwen.png&#8221; title_text=&#8221;Werkende-vrouwen&#8221; _builder_version=&#8221;4.10.6&#8243; _module_preset=&#8221;default&#8221; global_colors_info=&#8221;{}&#8221;][\/et_pb_fullwidth_image][\/et_pb_section][et_pb_section fb_built=&#8221;1&#8243; _builder_version=&#8221;4.10.6&#8243; _module_preset=&#8221;default&#8221; custom_padding=&#8221;80px||||false|false&#8221; global_colors_info=&#8221;{}&#8221;][et_pb_row column_structure=&#8221;2_5,3_5&#8243; _builder_version=&#8221;4.10.6&#8243; _module_preset=&#8221;default&#8221; custom_margin=&#8221;6px|auto||auto||&#8221; global_colors_info=&#8221;{}&#8221;][et_pb_column type=&#8221;2_5&#8243; _builder_version=&#8221;4.10.6&#8243; _module_preset=&#8221;default&#8221; global_colors_info=&#8221;{}&#8221;][et_pb_text _builder_version=&#8221;4.10.6&#8243; _module_preset=&#8221;default&#8221; header_2_text_color=&#8221;#b4a07a&#8221; global_colors_info=&#8221;{}&#8221;]<\/p>\n<h2>FAQ<\/h2>\n<p>[\/et_pb_text][et_pb_accordion _builder_version=&#8221;4.11.1&#8243; _module_preset=&#8221;default&#8221; global_colors_info=&#8221;{}&#8221;][et_pb_accordion_item title=&#8221;Zijn Magic Truffels legaal?&#8221; open=&#8221;on&#8221; _builder_version=&#8221;4.11.1&#8243; _module_preset=&#8221;default&#8221; global_colors_info=&#8221;{}&#8221; title__hover_enabled=&#8221;on|desktop&#8221; title__hover=&#8221;Zijn Magic Truffels legaal?&#8221;]<\/p>\n<p>Ja. De Psilocybe Mexicana truffel mag in Nederland vrij geproduceerd, verhandeld en ge\u00ebxporteerd worden. Het kan ook vrij worden gegeven aan derden in therapeutische sessies. Het is een legaal product in Nederland, zolang het geen &#8220;actieve bewerking&#8221; heeft ondergaan. Deze legale status van de psychoactieve truffel in Nederland heeft Fresh Mushrooms in staat gesteld om een jarenlange ervaring op te bouwen in het kweken van hoogwaardige psychoactieve truffels, die ook geschikt zijn voor de therapeutische toepassing van microdosing. Als u zich zorgen maakt over de legale status in uw land, neem dan contact met ons op of doe uw eigen onderzoek.<\/p>\n<p>[\/et_pb_accordion_item][et_pb_accordion_item title=&#8221;Hoe maak je een kwaliteitsproduct?&#8221; _builder_version=&#8221;4.11.1&#8243; _module_preset=&#8221;default&#8221; global_colors_info=&#8221;{}&#8221; open=&#8221;off&#8221;]<\/p>\n<p>Alle truffels worden met de grootste zorg gemaakt voor het beste product dat beschikbaar is. Elke dag werken we hard om het best mogelijke product te verkrijgen. Ons bedrijf staat onder controle van de Nederlandse overheid om er zeker van te zijn dat we aan alle eisen voldoen.<\/p>\n<p>[\/et_pb_accordion_item][et_pb_accordion_item title=&#8221;Wat zijn de voordelen van microdosering?&#8221; _builder_version=&#8221;4.11.1&#8243; _module_preset=&#8221;default&#8221; global_colors_info=&#8221;{}&#8221; open=&#8221;off&#8221;]<\/p>\n<ol>\n<li>Ondersteunt het overwinnen van angsten en depressie;<\/li>\n<li>Het ervaren van meer empathische verbinding;<\/li>\n<li>Stimuleert het vermogen om te innoveren en problemen op te lossen;<\/li>\n<li>Meer topprestaties en een betere fysieke gezondheid;<\/li>\n<li>Bewustwording van je doel in dit leven;<\/li>\n<li>Toegang tot meer Flow;<\/li>\n<li>Verbeterde creativiteit.<\/li>\n<\/ol>\n<p>[\/et_pb_accordion_item][\/et_pb_accordion][et_pb_button button_url=&#8221;https:\/\/microdosingxp.com\/nl\/legaliteit\/&#8221; url_new_window=&#8221;on&#8221; button_text=&#8221;Lees meer over legaliteit&#8221; _builder_version=&#8221;4.11.1&#8243; _module_preset=&#8221;default&#8221; global_colors_info=&#8221;{}&#8221;][\/et_pb_button][\/et_pb_column][et_pb_column type=&#8221;3_5&#8243; _builder_version=&#8221;4.10.6&#8243; _module_preset=&#8221;default&#8221; global_colors_info=&#8221;{}&#8221;][et_pb_text _builder_version=&#8221;4.14.7&#8243; _module_preset=&#8221;default&#8221; header_2_text_color=&#8221;#b4a07a&#8221; hover_enabled=&#8221;0&#8243; global_colors_info=&#8221;{}&#8221; sticky_enabled=&#8221;0&#8243;]<\/p>\n<h2>Meld u aan via het contactformulier<\/h2>\n<p>[\/et_pb_text][et_pb_code _builder_version=&#8221;4.14.7&#8243; _module_preset=&#8221;default&#8221; hover_enabled=&#8221;0&#8243; sticky_enabled=&#8221;0&#8243;]\n<div class=\"wpcf7 no-js\" id=\"wpcf7-f2637-o1\" lang=\"nl-NL\" dir=\"ltr\" data-wpcf7-id=\"2637\">\n<div class=\"screen-reader-response\"><p role=\"status\" aria-live=\"polite\" aria-atomic=\"true\"><\/p> <ul><\/ul><\/div>\n<form action=\"\/fr\/wp-json\/wp\/v2\/pages\/2526#wpcf7-f2637-o1\" method=\"post\" class=\"wpcf7-form init\" aria-label=\"Contactformulier\" novalidate=\"novalidate\" data-status=\"init\">\n<fieldset class=\"hidden-fields-container\"><input type=\"hidden\" name=\"_wpcf7\" value=\"2637\" \/><input type=\"hidden\" name=\"_wpcf7_version\" value=\"6.1.5\" \/><input type=\"hidden\" name=\"_wpcf7_locale\" value=\"nl_NL\" \/><input type=\"hidden\" name=\"_wpcf7_unit_tag\" value=\"wpcf7-f2637-o1\" \/><input type=\"hidden\" name=\"_wpcf7_container_post\" value=\"0\" \/><input type=\"hidden\" name=\"_wpcf7_posted_data_hash\" value=\"\" \/><input type=\"hidden\" name=\"_wpcf7_recaptcha_response\" value=\"\" \/>\n<\/fieldset>\n<p><span class=\"wpcf7-form-control-wrap\" data-name=\"Bedrijf\"><input size=\"40\" maxlength=\"400\" class=\"wpcf7-form-control wpcf7-text wpcf7-validates-as-required\" aria-required=\"true\" aria-invalid=\"false\" placeholder=\"Bedrijf\" value=\"\" type=\"text\" name=\"Bedrijf\" \/><\/span>\n<\/p>\n<p><span class=\"wpcf7-form-control-wrap\" data-name=\"E-mailadres\"><input size=\"40\" maxlength=\"400\" class=\"wpcf7-form-control wpcf7-email wpcf7-validates-as-required wpcf7-text wpcf7-validates-as-email\" aria-required=\"true\" aria-invalid=\"false\" placeholder=\"E-mailadres\" value=\"\" type=\"email\" name=\"E-mailadres\" \/><\/span>\n<\/p>\n<p><span class=\"wpcf7-form-control-wrap\" data-name=\"Naam\"><input size=\"40\" maxlength=\"400\" class=\"wpcf7-form-control wpcf7-text wpcf7-validates-as-required\" aria-required=\"true\" aria-invalid=\"false\" placeholder=\"Naam\" value=\"\" type=\"text\" name=\"Naam\" \/><\/span>\n<\/p>\n<p><span class=\"wpcf7-form-control-wrap\" data-name=\"Achternaam\"><input size=\"40\" maxlength=\"400\" class=\"wpcf7-form-control wpcf7-text wpcf7-validates-as-required\" aria-required=\"true\" aria-invalid=\"false\" placeholder=\"Achternaam\" value=\"\" type=\"text\" name=\"Achternaam\" \/><\/span>\n<\/p>\n<p><span class=\"wpcf7-form-control-wrap\" data-name=\"Bedrijfsadres\"><input size=\"40\" maxlength=\"400\" class=\"wpcf7-form-control wpcf7-text wpcf7-validates-as-required\" aria-required=\"true\" aria-invalid=\"false\" placeholder=\"Bedrijfsadres\" value=\"\" type=\"text\" name=\"Bedrijfsadres\" \/><\/span>\n<\/p>\n<p><span class=\"wpcf7-form-control-wrap\" data-name=\"Postcode\"><input size=\"40\" maxlength=\"400\" class=\"wpcf7-form-control wpcf7-text wpcf7-validates-as-required\" aria-required=\"true\" aria-invalid=\"false\" placeholder=\"Postcode\" value=\"\" type=\"text\" name=\"Postcode\" \/><\/span>\n<\/p>\n<p><span class=\"wpcf7-form-control-wrap\" data-name=\"Plaats\"><input size=\"40\" maxlength=\"400\" class=\"wpcf7-form-control wpcf7-text wpcf7-validates-as-required\" aria-required=\"true\" aria-invalid=\"false\" placeholder=\"Plaats\" value=\"\" type=\"text\" name=\"Plaats\" \/><\/span>\n<\/p>\n<p><span class=\"wpcf7-form-control-wrap\" data-name=\"Website\"><input size=\"40\" maxlength=\"400\" class=\"wpcf7-form-control wpcf7-text wpcf7-validates-as-required\" aria-required=\"true\" aria-invalid=\"false\" placeholder=\"Website\" value=\"\" type=\"text\" name=\"Website\" \/><\/span>\n<\/p>\n<p><span class=\"wpcf7-form-control-wrap\" data-name=\"Telefoonnummer\"><input size=\"40\" maxlength=\"400\" class=\"wpcf7-form-control wpcf7-text wpcf7-validates-as-required\" aria-required=\"true\" aria-invalid=\"false\" placeholder=\"Telefoonnummer\" value=\"\" type=\"text\" name=\"Telefoonnummer\" \/><\/span>\n<\/p>\n<p><span class=\"wpcf7-form-control-wrap\" data-name=\"Land\"><input size=\"40\" maxlength=\"400\" class=\"wpcf7-form-control wpcf7-text wpcf7-validates-as-required\" aria-required=\"true\" aria-invalid=\"false\" placeholder=\"Land van Registratie\" value=\"\" type=\"text\" name=\"Land\" \/><\/span>\n<\/p>\n<p><strong>EU-lidstaat<\/strong><br \/>\n<span class=\"wpcf7-form-control-wrap\" data-name=\"EU-lidstaat\"><span class=\"wpcf7-form-control wpcf7-radio\"><span class=\"wpcf7-list-item first\"><span class=\"wpcf7-list-item-label\">Ja<\/span><input type=\"radio\" name=\"EU-lidstaat\" value=\"Ja\" checked=\"checked\" \/><\/span><span class=\"wpcf7-list-item last\"><span class=\"wpcf7-list-item-label\">Nee<\/span><input type=\"radio\" name=\"EU-lidstaat\" value=\"Nee\" \/><\/span><\/span><\/span>\n<\/p>\n<p><span class=\"wpcf7-form-control-wrap\" data-name=\"Kamer\"><input size=\"40\" maxlength=\"400\" class=\"wpcf7-form-control wpcf7-text wpcf7-validates-as-required\" aria-required=\"true\" aria-invalid=\"false\" placeholder=\"Kamer van Koophandel\" value=\"\" type=\"text\" name=\"Kamer\" \/><\/span>\n<\/p>\n<p><span class=\"wpcf7-form-control-wrap\" data-name=\"VAT\"><input size=\"40\" maxlength=\"400\" class=\"wpcf7-form-control wpcf7-text wpcf7-validates-as-required\" aria-required=\"true\" aria-invalid=\"false\" placeholder=\"VAT \/ Tax number\" value=\"\" type=\"text\" name=\"VAT\" \/><\/span>\n<\/p>\n<p><strong>We zijn ge\u00efnteresseerd in:<\/strong><br \/>\n<span class=\"wpcf7-form-control-wrap\" data-name=\"Interesse\"><span class=\"wpcf7-form-control wpcf7-checkbox wpcf7-validates-as-required\"><span class=\"wpcf7-list-item first\"><input type=\"checkbox\" name=\"Interesse[]\" value=\"Verkoop van MicrodosingXP\" \/><span class=\"wpcf7-list-item-label\">Verkoop van MicrodosingXP<\/span><\/span><span class=\"wpcf7-list-item\"><input type=\"checkbox\" name=\"Interesse[]\" value=\"Verkoop van truffles\" \/><span class=\"wpcf7-list-item-label\">Verkoop van truffles<\/span><\/span><span class=\"wpcf7-list-item\"><input type=\"checkbox\" name=\"Interesse[]\" value=\"Verkoop van Mushroom Grow Kits\" \/><span class=\"wpcf7-list-item-label\">Verkoop van Mushroom Grow Kits<\/span><\/span><span class=\"wpcf7-list-item last\"><input type=\"checkbox\" name=\"Interesse[]\" value=\"Anders\" \/><span class=\"wpcf7-list-item-label\">Anders<\/span><\/span><\/span><\/span>\n<\/p>\n<p><input class=\"wpcf7-form-control wpcf7-submit has-spinner\" type=\"submit\" value=\"Verzenden\" \/>\n<\/p><div class=\"wpcf7-response-output\" aria-hidden=\"true\"><\/div>\n<\/form>\n<\/div>\n[\/et_pb_code][\/et_pb_column][\/et_pb_row][\/et_pb_section]<\/p>\n","protected":false},"excerpt":{"rendered":"<p>Reselling Fresh Mushrooms Ltd is al 25 jaar marktleider in de productie van verse psilocybine bevattende truffels. De truffels van Fresh Mushrooms zijn van hoge kwaliteit en voldoen volledig aan de norm die is vastgesteld door de Europese Autoriteit voor voedselveiligheid (EU 1881\/2006). De blisterverpakking van Fresh Mushrooms zorgt ervoor dat de kwaliteit van de [&hellip;]<\/p>\n","protected":false},"author":3,"featured_media":0,"parent":0,"menu_order":0,"comment_status":"closed","ping_status":"closed","template":"","meta":{"_et_pb_use_builder":"on","_et_pb_old_content":"<!-- wp:paragraph -->\n<p>Lorem ipsum dolor sit amet, consectetuer adipiscing elit. Aenean commodo ligula eget dolor. Aenean massa. Cum sociis natoque penatibus et magnis dis parturient montes, nascetur ridiculus mus. Donec quam felis, ultricies nec, pellentesque eu, pretium quis, sem. Nulla consequat massa quis enim. Donec pede justo, fringilla vel, aliquet nec, vulputate eget, arcu. In enim justo, rhoncus ut, imperdiet a, venenatis vitae, justo. Nullam dictum felis eu pede mollis pretium. Integer tincidunt. Cras dapibus. Vivamus elementum semper nisi. Aenean vulputate eleifend tellus. Aenean leo ligula, porttitor eu, consequat vitae, eleifend ac, enim. Aliquam lorem ante, dapibus in, viverra quis, feugiat a, tellus. Phasellus viverra nulla ut metus varius laoreet. Quisque rutrum. Aenean imperdiet. Etiam ultricies nisi vel augue. Curabitur ullamcorper ultricies nisi. Nam eget dui.<\/p>\n<!-- \/wp:paragraph -->\n\n<!-- wp:paragraph -->\n<p>Etiam rhoncus. Maecenas tempus, tellus eget condimentum rhoncus, sem quam semper libero, sit amet adipiscing sem neque sed ipsum. Nam quam nunc, blandit vel, luctus pulvinar, hendrerit id, lorem. Maecenas nec odio et ante tincidunt tempus. Donec vitae sapien ut libero venenatis faucibus. Nullam quis ante. Etiam sit amet orci eget eros faucibus tincidunt. Duis leo. Sed fringilla mauris sit amet nibh. Donec sodales sagittis magna. Sed consequat, leo eget bibendum sodales, augue velit cursus nunc, quis gravida magna mi a libero. Fusce vulputate eleifend sapien. Vestibulum purus quam, scelerisque ut, mollis sed, nonummy id, metus. Nullam accumsan lorem in dui. Cras ultricies mi eu turpis hendrerit fringilla. Vestibulum ante ipsum primis in faucibus orci luctus et ultrices posuere cubilia Curae; In ac dui quis mi consectetuer lacinia.<\/p>\n<!-- \/wp:paragraph -->\n\n<!-- wp:paragraph -->\n<p>Nam pretium turpis et arcu. Duis arcu tortor, suscipit eget, imperdiet nec, imperdiet iaculis, ipsum. Sed aliquam ultrices mauris. Integer ante arcu, accumsan a, consectetuer eget, posuere ut, mauris. Praesent adipiscing. Phasellus ullamcorper ipsum rutrum nunc. Nunc nonummy metus. Vestibulum volutpat pretium libero. Cras id dui. Aenean ut eros et nisl sagittis vestibulum. Nullam nulla eros, ultricies sit amet, nonummy id, imperdiet feugiat, pede. Sed lectus. Donec mollis hendrerit risus. Phasellus nec sem in justo pellentesque facilisis. Etiam imperdiet imperdiet orci. Nunc nec neque. Phasellus leo dolor, tempus non, auctor et, hendrerit quis, nisi.<\/p>\n<!-- \/wp:paragraph -->\n\n<!-- wp:paragraph -->\n<p>Curabitur ligula sapien, tincidunt non, euismod vitae, posuere imperdiet, leo. Maecenas malesuada. Praesent congue erat at massa. Sed cursus turpis vitae tortor. Donec posuere vulputate arcu. Phasellus accumsan cursus velit. Vestibulum ante ipsum primis in faucibus orci luctus et ultrices posuere cubilia Curae; Sed aliquam, nisi quis porttitor congue, elit erat euismod orci, ac placerat dolor lectus quis orci. Phasellus consectetuer vestibulum elit. Aenean tellus metus, bibendum sed, posuere ac, mattis non, nunc. Vestibulum fringilla pede sit amet augue. In turpis. Pellentesque posuere. Praesent turpis.<\/p>\n<!-- \/wp:paragraph -->","_et_gb_content_width":"","footnotes":""},"class_list":["post-2526","page","type-page","status-publish","hentry"],"yoast_head":"<!-- This site is optimized with the Yoast SEO plugin v27.4 - https:\/\/yoast.com\/product\/yoast-seo-wordpress\/ -->\n<title>Reseller - MicrodosingXP<\/title>\n<meta name=\"description\" content=\"Fresh Mushrooms Ltd is al 25 jaar marktleider in de productie van verse psilocybine bevattende truffels. De truffels van Fresh Mushrooms zijn van hoge kwaliteit en voldoen volledig aan de norm die is vastgesteld door de Europese Autoriteit voor voedselveiligheid (EU 1881\/2006). De blisterverpakking van Fresh Mushrooms zorgt ervoor dat de kwaliteit van de Magic Truffels gegarandeerd tot drie maanden vers blijft, dankzij de vacu\u00fcmverzegeling. Heeft u interesse om wederverkoper van ons product te worden?\" \/>\n<meta name=\"robots\" content=\"index, follow, max-snippet:-1, max-image-preview:large, max-video-preview:-1\" \/>\n<link rel=\"canonical\" href=\"https:\/\/microdosingxp.com\/fr\/devenir-revendeur\/\" \/>\n<meta property=\"og:locale\" content=\"fr_FR\" \/>\n<meta property=\"og:type\" content=\"article\" \/>\n<meta property=\"og:title\" content=\"Reseller - MicrodosingXP\" \/>\n<meta property=\"og:description\" content=\"Fresh Mushrooms Ltd is al 25 jaar marktleider in de productie van verse psilocybine bevattende truffels. De truffels van Fresh Mushrooms zijn van hoge kwaliteit en voldoen volledig aan de norm die is vastgesteld door de Europese Autoriteit voor voedselveiligheid (EU 1881\/2006). De blisterverpakking van Fresh Mushrooms zorgt ervoor dat de kwaliteit van de Magic Truffels gegarandeerd tot drie maanden vers blijft, dankzij de vacu\u00fcmverzegeling. Heeft u interesse om wederverkoper van ons product te worden?\" \/>\n<meta property=\"og:url\" content=\"https:\/\/microdosingxp.com\/fr\/devenir-revendeur\/\" \/>\n<meta property=\"og:site_name\" content=\"MicrodosingXP\" \/>\n<meta property=\"article:modified_time\" content=\"2022-02-10T15:20:09+00:00\" \/>\n<meta name=\"twitter:card\" content=\"summary_large_image\" \/>\n<meta name=\"twitter:label1\" content=\"Dur\u00e9e de lecture estim\u00e9e\" \/>\n\t<meta name=\"twitter:data1\" content=\"3 minutes\" \/>\n<script type=\"application\/ld+json\" class=\"yoast-schema-graph\">{\"@context\":\"https:\\\/\\\/schema.org\",\"@graph\":[{\"@type\":\"WebPage\",\"@id\":\"https:\\\/\\\/microdosingxp.com\\\/nl\\\/word-een-reseller\\\/\",\"url\":\"https:\\\/\\\/microdosingxp.com\\\/nl\\\/word-een-reseller\\\/\",\"name\":\"Reseller - MicrodosingXP\",\"isPartOf\":{\"@id\":\"https:\\\/\\\/microdosingxp.com\\\/#website\"},\"datePublished\":\"2021-10-05T07:46:18+00:00\",\"dateModified\":\"2022-02-10T15:20:09+00:00\",\"description\":\"Fresh Mushrooms Ltd is al 25 jaar marktleider in de productie van verse psilocybine bevattende truffels. De truffels van Fresh Mushrooms zijn van hoge kwaliteit en voldoen volledig aan de norm die is vastgesteld door de Europese Autoriteit voor voedselveiligheid (EU 1881\\\/2006). De blisterverpakking van Fresh Mushrooms zorgt ervoor dat de kwaliteit van de Magic Truffels gegarandeerd tot drie maanden vers blijft, dankzij de vacu\u00fcmverzegeling. Heeft u interesse om wederverkoper van ons product te worden?\",\"breadcrumb\":{\"@id\":\"https:\\\/\\\/microdosingxp.com\\\/nl\\\/word-een-reseller\\\/#breadcrumb\"},\"inLanguage\":\"fr-FR\",\"potentialAction\":[{\"@type\":\"ReadAction\",\"target\":[\"https:\\\/\\\/microdosingxp.com\\\/nl\\\/word-een-reseller\\\/\"]}]},{\"@type\":\"BreadcrumbList\",\"@id\":\"https:\\\/\\\/microdosingxp.com\\\/nl\\\/word-een-reseller\\\/#breadcrumb\",\"itemListElement\":[{\"@type\":\"ListItem\",\"position\":1,\"name\":\"Home\",\"item\":\"https:\\\/\\\/microdosingxp.com\\\/nl\\\/\"},{\"@type\":\"ListItem\",\"position\":2,\"name\":\"Reseller\"}]},{\"@type\":\"WebSite\",\"@id\":\"https:\\\/\\\/microdosingxp.com\\\/#website\",\"url\":\"https:\\\/\\\/microdosingxp.com\\\/\",\"name\":\"MicrodosingXP\",\"description\":\"\",\"potentialAction\":[{\"@type\":\"SearchAction\",\"target\":{\"@type\":\"EntryPoint\",\"urlTemplate\":\"https:\\\/\\\/microdosingxp.com\\\/?s={search_term_string}\"},\"query-input\":{\"@type\":\"PropertyValueSpecification\",\"valueRequired\":true,\"valueName\":\"search_term_string\"}}],\"inLanguage\":\"fr-FR\"}]}<\/script>\n<!-- \/ Yoast SEO plugin. -->","yoast_head_json":{"title":"Revendeur - MicrodosingXP","description":"Depuis 25 ans, Fresh Mushrooms Ltd est un leader du march\u00e9 de la production de truffes fra\u00eeches contenant de la psilocybine. Les truffes de Fresh Mushrooms sont de grande qualit\u00e9 et respectent pleinement la norme fix\u00e9e par l'Autorit\u00e9 europ\u00e9enne de s\u00e9curit\u00e9 des aliments (UE 1881\/2006). Gr\u00e2ce au blister de Fresh Mushrooms, la qualit\u00e9 des truffes magiques est garantie et leur fra\u00eecheur peut \u00eatre maintenue jusqu'\u00e0 trois mois, gr\u00e2ce \u00e0 la fermeture sous vide. \u00cates-vous int\u00e9ress\u00e9 \u00e0 devenir un revendeur de notre produit ?","robots":{"index":"index","follow":"follow","max-snippet":"max-snippet:-1","max-image-preview":"max-image-preview:large","max-video-preview":"max-video-preview:-1"},"canonical":"https:\/\/microdosingxp.com\/fr\/devenir-revendeur\/","og_locale":"fr_FR","og_type":"article","og_title":"Reseller - MicrodosingXP","og_description":"Fresh Mushrooms Ltd is al 25 jaar marktleider in de productie van verse psilocybine bevattende truffels. De truffels van Fresh Mushrooms zijn van hoge kwaliteit en voldoen volledig aan de norm die is vastgesteld door de Europese Autoriteit voor voedselveiligheid (EU 1881\/2006). De blisterverpakking van Fresh Mushrooms zorgt ervoor dat de kwaliteit van de Magic Truffels gegarandeerd tot drie maanden vers blijft, dankzij de vacu\u00fcmverzegeling. Heeft u interesse om wederverkoper van ons product te worden?","og_url":"https:\/\/microdosingxp.com\/fr\/devenir-revendeur\/","og_site_name":"MicrodosingXP","article_modified_time":"2022-02-10T15:20:09+00:00","twitter_card":"summary_large_image","twitter_misc":{"Dur\u00e9e de lecture estim\u00e9e":"3 minutes"},"schema":{"@context":"https:\/\/schema.org","@graph":[{"@type":"WebPage","@id":"https:\/\/microdosingxp.com\/nl\/word-een-reseller\/","url":"https:\/\/microdosingxp.com\/nl\/word-een-reseller\/","name":"Revendeur - MicrodosingXP","isPartOf":{"@id":"https:\/\/microdosingxp.com\/#website"},"datePublished":"2021-10-05T07:46:18+00:00","dateModified":"2022-02-10T15:20:09+00:00","description":"Depuis 25 ans, Fresh Mushrooms Ltd est un leader du march\u00e9 de la production de truffes fra\u00eeches contenant de la psilocybine. Les truffes de Fresh Mushrooms sont de grande qualit\u00e9 et respectent pleinement la norme fix\u00e9e par l'Autorit\u00e9 europ\u00e9enne de s\u00e9curit\u00e9 des aliments (UE 1881\/2006). Gr\u00e2ce au blister de Fresh Mushrooms, la qualit\u00e9 des truffes magiques est garantie et leur fra\u00eecheur peut \u00eatre maintenue jusqu'\u00e0 trois mois, gr\u00e2ce \u00e0 la fermeture sous vide. \u00cates-vous int\u00e9ress\u00e9 \u00e0 devenir un revendeur de notre produit ?","breadcrumb":{"@id":"https:\/\/microdosingxp.com\/nl\/word-een-reseller\/#breadcrumb"},"inLanguage":"fr-FR","potentialAction":[{"@type":"ReadAction","target":["https:\/\/microdosingxp.com\/nl\/word-een-reseller\/"]}]},{"@type":"BreadcrumbList","@id":"https:\/\/microdosingxp.com\/nl\/word-een-reseller\/#breadcrumb","itemListElement":[{"@type":"ListItem","position":1,"name":"Home","item":"https:\/\/microdosingxp.com\/nl\/"},{"@type":"ListItem","position":2,"name":"Reseller"}]},{"@type":"WebSite","@id":"https:\/\/microdosingxp.com\/#website","url":"https:\/\/microdosingxp.com\/","name":"MicrodosageXP","description":"","potentialAction":[{"@type":"SearchAction","target":{"@type":"EntryPoint","urlTemplate":"https:\/\/microdosingxp.com\/?s={search_term_string}"},"query-input":{"@type":"PropertyValueSpecification","valueRequired":true,"valueName":"search_term_string"}}],"inLanguage":"fr-FR"}]}},"_links":{"self":[{"href":"https:\/\/microdosingxp.com\/fr\/wp-json\/wp\/v2\/pages\/2526","targetHints":{"allow":["GET"]}}],"collection":[{"href":"https:\/\/microdosingxp.com\/fr\/wp-json\/wp\/v2\/pages"}],"about":[{"href":"https:\/\/microdosingxp.com\/fr\/wp-json\/wp\/v2\/types\/page"}],"author":[{"embeddable":true,"href":"https:\/\/microdosingxp.com\/fr\/wp-json\/wp\/v2\/users\/3"}],"replies":[{"embeddable":true,"href":"https:\/\/microdosingxp.com\/fr\/wp-json\/wp\/v2\/comments?post=2526"}],"version-history":[{"count":0,"href":"https:\/\/microdosingxp.com\/fr\/wp-json\/wp\/v2\/pages\/2526\/revisions"}],"wp:attachment":[{"href":"https:\/\/microdosingxp.com\/fr\/wp-json\/wp\/v2\/media?parent=2526"}],"curies":[{"name":"wp","href":"https:\/\/api.w.org\/{rel}","templated":true}]}}