{"id":46,"date":"2020-12-23T09:30:53","date_gmt":"2020-12-23T09:30:53","guid":{"rendered":"https:\/\/microdosingxp.com\/?page_id=46"},"modified":"2023-09-12T09:46:37","modified_gmt":"2023-09-12T07:46:37","slug":"xp-cambodgien","status":"publish","type":"page","link":"https:\/\/microdosingxp.com\/fr\/grow-kits-xp\/cambodian-xp\/","title":{"rendered":"Cambodgien XP"},"content":{"rendered":"<p>[et_pb_section fb_built=&#8221;1&#8243; fullwidth=&#8221;on&#8221; _builder_version=&#8221;4.16&#8243; _module_preset=&#8221;default&#8221; global_colors_info=&#8221;{}&#8221;][et_pb_fullwidth_slider _builder_version=&#8221;4.16&#8243; _module_preset=&#8221;default&#8221; background_image=&#8221;https:\/\/microdosingxp.com\/wp-content\/uploads\/growkit-Cambodian-XP.jpg&#8221; background_position=&#8221;top_center&#8221; global_colors_info=&#8221;{}&#8221;][et_pb_slide heading=&#8221;100% Mycelium Grow Kit Cambodian XP&#8221; _builder_version=&#8221;4.16&#8243; _module_preset=&#8221;default&#8221; global_colors_info=&#8221;{}&#8221; sticky_transition=&#8221;on&#8221;][\/et_pb_slide][\/et_pb_fullwidth_slider][\/et_pb_section][et_pb_section fb_built=&#8221;1&#8243; specialty=&#8221;on&#8221; _builder_version=&#8221;4.16&#8243; _module_preset=&#8221;default&#8221; custom_padding=&#8221;29px|||||&#8221; global_colors_info=&#8221;{}&#8221;][et_pb_column type=&#8221;2_3&#8243; specialty_columns=&#8221;2&#8243; _builder_version=&#8221;4.16&#8243; custom_padding=&#8221;|||&#8221; global_colors_info=&#8221;{}&#8221; custom_padding__hover=&#8221;|||&#8221;][et_pb_row_inner _builder_version=&#8221;4.16&#8243; _module_preset=&#8221;default&#8221; custom_padding=&#8221;2px|||||&#8221; global_colors_info=&#8221;{}&#8221;][et_pb_column_inner saved_specialty_column_type=&#8221;2_3&#8243; _builder_version=&#8221;4.16&#8243; _module_preset=&#8221;default&#8221; global_colors_info=&#8221;{}&#8221;][et_pb_image src=&#8221;https:\/\/microdosingxp.com\/wp-content\/uploads\/Cambodian-XP-met-specs.png&#8221; title_text=&#8221;Cambodian XP met specs&#8221; _builder_version=&#8221;4.16&#8243; _module_preset=&#8221;default&#8221; animation_style=&#8221;fade&#8221; global_colors_info=&#8221;{}&#8221;][\/et_pb_image][et_pb_text _builder_version=&#8221;4.16&#8243; _module_preset=&#8221;default&#8221; animation_style=&#8221;fade&#8221; global_colors_info=&#8221;{}&#8221;]<\/p>\n<p>De Cambodjaanse kweeksets die we aanbevelen aan onervaren kwekers. Gebied van herkomst van dit ras is Zuidoost-Azi\u00eb. Ontdekt bij de spectaculaire tempel Angkor Wat, in de provincie Siem Reap. In de oudheid werden deze paddo\u2019s gebruikt bij religieuze handelingen en rituelen. Men kwam gemakkelijker in contact met de goden.\u00a0<\/p>\n<p>Deze vari\u00ebteit is de perfecte soort paddo\u2019s voor telers die niet veel ervaring hebben met het kweken van deze paddo\u2019s. Deze paddo\u2019s zijn zeer gemakkelijk te kweken en hebben een relatief voorspelbare opbrengst.<\/p>\n<p>[\/et_pb_text][\/et_pb_column_inner][\/et_pb_row_inner][et_pb_row_inner _builder_version=&#8221;4.22.1&#8243; _module_preset=&#8221;default&#8221; custom_padding=&#8221;0px||0px||false|false&#8221; global_colors_info=&#8221;{}&#8221; theme_builder_area=&#8221;post_content&#8221;][et_pb_column_inner _builder_version=&#8221;4.22.1&#8243; _module_preset=&#8221;default&#8221; global_colors_info=&#8221;{}&#8221; saved_specialty_column_type=&#8221;2_3&#8243; theme_builder_area=&#8221;post_content&#8221;][et_pb_image src=&#8221;https:\/\/microdosingxp.com\/wp-content\/uploads\/growkit_draaien-scaled.jpg&#8221; title_text=&#8221;growkit_draaien&#8221; _builder_version=&#8221;4.22.1&#8243; _module_preset=&#8221;default&#8221; custom_margin=&#8221;0px|0px|0px|0px|false|false&#8221; custom_padding=&#8221;0px|0px|0px|0px|false|false&#8221; global_colors_info=&#8221;{}&#8221; theme_builder_area=&#8221;post_content&#8221;][\/et_pb_image][et_pb_text _builder_version=&#8221;4.22.1&#8243; _module_preset=&#8221;default&#8221; background_color=&#8221;#EEDEC8&#8243; custom_margin=&#8221;0px|0px|0px|0px|false|false&#8221; custom_padding=&#8221;0px|0px|0px|0px|false|false&#8221; global_colors_info=&#8221;{}&#8221; theme_builder_area=&#8221;post_content&#8221;]<\/p>\n<p style=\"text-align: center;\"><strong><\/strong><\/p>\n<p style=\"text-align: center;\"><strong>Kweektip!<\/strong> Als er naar een week nog g\u00e9\u00e9n knoppen opstaan<br \/>zet het kweeksubstraat dan recht overeind.<\/p>\n<p style=\"text-align: center;\">[\/et_pb_text][\/et_pb_column_inner][\/et_pb_row_inner][\/et_pb_column][et_pb_column type=&#8221;1_3&#8243; _builder_version=&#8221;4.16&#8243; custom_padding=&#8221;|||&#8221; global_colors_info=&#8221;{}&#8221; custom_padding__hover=&#8221;|||&#8221;][et_pb_sidebar area=&#8221;et_pb_widget_area_1&#8243; show_border=&#8221;off&#8221; _builder_version=&#8221;4.16&#8243; _module_preset=&#8221;default&#8221; header_text_color=&#8221;#b4a07a&#8221; header_font_size=&#8221;25px&#8221; header_line_height=&#8221;1.6em&#8221; global_colors_info=&#8221;{}&#8221;][\/et_pb_sidebar][\/et_pb_column][\/et_pb_section][et_pb_section fb_built=&#8221;1&#8243; fullwidth=&#8221;on&#8221; _builder_version=&#8221;4.7.7&#8243; _module_preset=&#8221;default&#8221; global_module=&#8221;603&#8243; saved_tabs=&#8221;all&#8221; global_colors_info=&#8221;{}&#8221;][et_pb_fullwidth_image src=&#8221;https:\/\/microdosingxp.com\/wp-content\/uploads\/Inner-peace2.png&#8221; title_text=&#8221;Inner peace2&#8243; _builder_version=&#8221;4.16&#8243; _module_preset=&#8221;default&#8221; global_colors_info=&#8221;{}&#8221;][\/et_pb_fullwidth_image][\/et_pb_section]<\/p>\n","protected":false},"excerpt":{"rendered":"<p>De Cambodjaanse kweeksets die we aanbevelen aan onervaren kwekers. Gebied van herkomst van dit ras is Zuidoost-Azi\u00eb. Ontdekt bij de spectaculaire tempel Angkor Wat, in de provincie Siem Reap. In de oudheid werden deze paddo\u2019s gebruikt bij religieuze handelingen en rituelen. Men kwam gemakkelijker in contact met de goden.\u00a0 Deze vari\u00ebteit is de perfecte soort [&hellip;]<\/p>\n","protected":false},"author":3,"featured_media":0,"parent":8,"menu_order":0,"comment_status":"closed","ping_status":"closed","template":"","meta":{"_et_pb_use_builder":"on","_et_pb_old_content":"","_et_gb_content_width":"","footnotes":""},"class_list":["post-46","page","type-page","status-publish","hentry"],"yoast_head":"<!-- This site is optimized with the Yoast SEO plugin v27.4 - https:\/\/yoast.com\/product\/yoast-seo-wordpress\/ -->\n<title>Cambodian XP - MicrodosingXP<\/title>\n<meta name=\"description\" content=\"De Cambodjaanse kweeksets die we aanbevelen aan onervaren kwekers. Gebied van herkomst van dit ras is Zuidoost-Azi\u00eb. Ontdekt bij de spectaculaire tempel Angkor Wat, in de provincie Siem Reap.\" \/>\n<meta name=\"robots\" content=\"index, follow, max-snippet:-1, max-image-preview:large, max-video-preview:-1\" \/>\n<link rel=\"canonical\" href=\"https:\/\/microdosingxp.com\/fr\/kits-de-culture-xp\/xp-cambodgien\/\" \/>\n<meta property=\"og:locale\" content=\"fr_FR\" \/>\n<meta property=\"og:type\" content=\"article\" \/>\n<meta property=\"og:title\" content=\"Cambodian XP - MicrodosingXP\" \/>\n<meta property=\"og:description\" content=\"De Cambodjaanse kweeksets die we aanbevelen aan onervaren kwekers. Gebied van herkomst van dit ras is Zuidoost-Azi\u00eb. Ontdekt bij de spectaculaire tempel Angkor Wat, in de provincie Siem Reap.\" \/>\n<meta property=\"og:url\" content=\"https:\/\/microdosingxp.com\/fr\/kits-de-culture-xp\/xp-cambodgien\/\" \/>\n<meta property=\"og:site_name\" content=\"MicrodosingXP\" \/>\n<meta property=\"article:modified_time\" content=\"2023-09-12T07:46:37+00:00\" \/>\n<meta name=\"twitter:card\" content=\"summary_large_image\" \/>\n<meta name=\"twitter:label1\" content=\"Dur\u00e9e de lecture estim\u00e9e\" \/>\n\t<meta name=\"twitter:data1\" content=\"1 minute\" \/>\n<script type=\"application\/ld+json\" class=\"yoast-schema-graph\">{\"@context\":\"https:\\\/\\\/schema.org\",\"@graph\":[{\"@type\":\"WebPage\",\"@id\":\"https:\\\/\\\/microdosingxp.com\\\/nl\\\/grow-kits-xp\\\/cambodian-xp\\\/\",\"url\":\"https:\\\/\\\/microdosingxp.com\\\/nl\\\/grow-kits-xp\\\/cambodian-xp\\\/\",\"name\":\"Cambodian XP - MicrodosingXP\",\"isPartOf\":{\"@id\":\"https:\\\/\\\/microdosingxp.com\\\/#website\"},\"datePublished\":\"2020-12-23T09:30:53+00:00\",\"dateModified\":\"2023-09-12T07:46:37+00:00\",\"description\":\"De Cambodjaanse kweeksets die we aanbevelen aan onervaren kwekers. Gebied van herkomst van dit ras is Zuidoost-Azi\u00eb. Ontdekt bij de spectaculaire tempel Angkor Wat, in de provincie Siem Reap.\",\"breadcrumb\":{\"@id\":\"https:\\\/\\\/microdosingxp.com\\\/nl\\\/grow-kits-xp\\\/cambodian-xp\\\/#breadcrumb\"},\"inLanguage\":\"fr-FR\",\"potentialAction\":[{\"@type\":\"ReadAction\",\"target\":[\"https:\\\/\\\/microdosingxp.com\\\/nl\\\/grow-kits-xp\\\/cambodian-xp\\\/\"]}]},{\"@type\":\"BreadcrumbList\",\"@id\":\"https:\\\/\\\/microdosingxp.com\\\/nl\\\/grow-kits-xp\\\/cambodian-xp\\\/#breadcrumb\",\"itemListElement\":[{\"@type\":\"ListItem\",\"position\":1,\"name\":\"Home\",\"item\":\"https:\\\/\\\/microdosingxp.com\\\/nl\\\/\"},{\"@type\":\"ListItem\",\"position\":2,\"name\":\"Grow kits XP\",\"item\":\"https:\\\/\\\/microdosingxp.com\\\/nl\\\/grow-kits-xp\\\/\"},{\"@type\":\"ListItem\",\"position\":3,\"name\":\"Cambodian XP\"}]},{\"@type\":\"WebSite\",\"@id\":\"https:\\\/\\\/microdosingxp.com\\\/#website\",\"url\":\"https:\\\/\\\/microdosingxp.com\\\/\",\"name\":\"MicrodosingXP\",\"description\":\"\",\"potentialAction\":[{\"@type\":\"SearchAction\",\"target\":{\"@type\":\"EntryPoint\",\"urlTemplate\":\"https:\\\/\\\/microdosingxp.com\\\/?s={search_term_string}\"},\"query-input\":{\"@type\":\"PropertyValueSpecification\",\"valueRequired\":true,\"valueName\":\"search_term_string\"}}],\"inLanguage\":\"fr-FR\"}]}<\/script>\n<!-- \/ Yoast SEO plugin. -->","yoast_head_json":{"title":"XP cambodgien - MicrodosingXP","description":"Les kits de culture cambodgiens que nous recommandons aux cultivateurs inexp\u00e9riment\u00e9s. La zone d'origine de cette vari\u00e9t\u00e9 est l'Asie du Sud-Est. D\u00e9couverte dans le spectaculaire temple Angkor Wat, dans la province de Siem Reap.","robots":{"index":"index","follow":"follow","max-snippet":"max-snippet:-1","max-image-preview":"max-image-preview:large","max-video-preview":"max-video-preview:-1"},"canonical":"https:\/\/microdosingxp.com\/fr\/kits-de-culture-xp\/xp-cambodgien\/","og_locale":"fr_FR","og_type":"article","og_title":"Cambodian XP - MicrodosingXP","og_description":"De Cambodjaanse kweeksets die we aanbevelen aan onervaren kwekers. Gebied van herkomst van dit ras is Zuidoost-Azi\u00eb. Ontdekt bij de spectaculaire tempel Angkor Wat, in de provincie Siem Reap.","og_url":"https:\/\/microdosingxp.com\/fr\/kits-de-culture-xp\/xp-cambodgien\/","og_site_name":"MicrodosingXP","article_modified_time":"2023-09-12T07:46:37+00:00","twitter_card":"summary_large_image","twitter_misc":{"Dur\u00e9e de lecture estim\u00e9e":"1 minute"},"schema":{"@context":"https:\/\/schema.org","@graph":[{"@type":"WebPage","@id":"https:\/\/microdosingxp.com\/nl\/grow-kits-xp\/cambodian-xp\/","url":"https:\/\/microdosingxp.com\/nl\/grow-kits-xp\/cambodian-xp\/","name":"XP cambodgien - MicrodosingXP","isPartOf":{"@id":"https:\/\/microdosingxp.com\/#website"},"datePublished":"2020-12-23T09:30:53+00:00","dateModified":"2023-09-12T07:46:37+00:00","description":"Les kits de culture cambodgiens que nous recommandons aux cultivateurs inexp\u00e9riment\u00e9s. La zone d'origine de cette vari\u00e9t\u00e9 est l'Asie du Sud-Est. D\u00e9couverte dans le spectaculaire temple Angkor Wat, dans la province de Siem Reap.","breadcrumb":{"@id":"https:\/\/microdosingxp.com\/nl\/grow-kits-xp\/cambodian-xp\/#breadcrumb"},"inLanguage":"fr-FR","potentialAction":[{"@type":"ReadAction","target":["https:\/\/microdosingxp.com\/nl\/grow-kits-xp\/cambodian-xp\/"]}]},{"@type":"BreadcrumbList","@id":"https:\/\/microdosingxp.com\/nl\/grow-kits-xp\/cambodian-xp\/#breadcrumb","itemListElement":[{"@type":"ListItem","position":1,"name":"Home","item":"https:\/\/microdosingxp.com\/nl\/"},{"@type":"ListItem","position":2,"name":"Grow kits XP","item":"https:\/\/microdosingxp.com\/nl\/grow-kits-xp\/"},{"@type":"ListItem","position":3,"name":"Cambodian XP"}]},{"@type":"WebSite","@id":"https:\/\/microdosingxp.com\/#website","url":"https:\/\/microdosingxp.com\/","name":"MicrodosageXP","description":"","potentialAction":[{"@type":"SearchAction","target":{"@type":"EntryPoint","urlTemplate":"https:\/\/microdosingxp.com\/?s={search_term_string}"},"query-input":{"@type":"PropertyValueSpecification","valueRequired":true,"valueName":"search_term_string"}}],"inLanguage":"fr-FR"}]}},"_links":{"self":[{"href":"https:\/\/microdosingxp.com\/fr\/wp-json\/wp\/v2\/pages\/46","targetHints":{"allow":["GET"]}}],"collection":[{"href":"https:\/\/microdosingxp.com\/fr\/wp-json\/wp\/v2\/pages"}],"about":[{"href":"https:\/\/microdosingxp.com\/fr\/wp-json\/wp\/v2\/types\/page"}],"author":[{"embeddable":true,"href":"https:\/\/microdosingxp.com\/fr\/wp-json\/wp\/v2\/users\/3"}],"replies":[{"embeddable":true,"href":"https:\/\/microdosingxp.com\/fr\/wp-json\/wp\/v2\/comments?post=46"}],"version-history":[{"count":1,"href":"https:\/\/microdosingxp.com\/fr\/wp-json\/wp\/v2\/pages\/46\/revisions"}],"predecessor-version":[{"id":4059,"href":"https:\/\/microdosingxp.com\/fr\/wp-json\/wp\/v2\/pages\/46\/revisions\/4059"}],"up":[{"embeddable":true,"href":"https:\/\/microdosingxp.com\/fr\/wp-json\/wp\/v2\/pages\/8"}],"wp:attachment":[{"href":"https:\/\/microdosingxp.com\/fr\/wp-json\/wp\/v2\/media?parent=46"}],"curies":[{"name":"wp","href":"https:\/\/api.w.org\/{rel}","templated":true}]}}