{"id":1116,"date":"2021-01-19T11:54:07","date_gmt":"2021-01-19T10:54:07","guid":{"rendered":"https:\/\/microdosingxp.com\/?page_id=1116"},"modified":"2021-01-30T11:47:34","modified_gmt":"2021-01-30T10:47:34","slug":"psilocybe-hollandia-xp","status":"publish","type":"page","link":"https:\/\/microdosingxp.com\/nl\/magic-truffles-xp\/psilocybe-hollandia-xp\/","title":{"rendered":"Psilocybe Hollandia XP"},"content":{"rendered":"<p>[et_pb_section fb_built=&#8221;1&#8243; fullwidth=&#8221;on&#8221; _builder_version=&#8221;4.7.7&#8243; _module_preset=&#8221;default&#8221;][et_pb_fullwidth_slider _builder_version=&#8221;4.7.7&#8243; _module_preset=&#8221;default&#8221; background_color=&#8221;#ffffff&#8221; hover_enabled=&#8221;0&#8243; sticky_enabled=&#8221;0&#8243;][et_pb_slide heading=&#8221;Psilocybe Hollandia XP&#8221; _builder_version=&#8221;4.7.7&#8243; _module_preset=&#8221;default&#8221; header_level=&#8221;h1&#8243; header_font_size=&#8221;66px&#8221; background_image=&#8221;https:\/\/microdosingxp.com\/wp-content\/uploads\/Magic-Truffle-Psilocybe-hollandia-L.jpg&#8221; background_enable_image=&#8221;on&#8221; hover_enabled=&#8221;0&#8243; header_font_size_tablet=&#8221;50px&#8221; header_font_size_phone=&#8221;34px&#8221; header_font_size_last_edited=&#8221;on|phone&#8221; sticky_transition=&#8221;on&#8221; background_size=&#8221;contain&#8221; sticky_enabled=&#8221;0&#8243;][\/et_pb_slide][\/et_pb_fullwidth_slider][\/et_pb_section][et_pb_section fb_built=&#8221;1&#8243; specialty=&#8221;on&#8221; _builder_version=&#8221;4.7.7&#8243; _module_preset=&#8221;default&#8221; custom_padding=&#8221;29px|||||&#8221;][et_pb_column type=&#8221;2_3&#8243; specialty_columns=&#8221;2&#8243; _builder_version=&#8221;3.25&#8243; custom_padding=&#8221;|||&#8221; custom_padding__hover=&#8221;|||&#8221;][et_pb_row_inner _builder_version=&#8221;4.7.7&#8243; _module_preset=&#8221;default&#8221; custom_padding=&#8221;||||false|false&#8221;][et_pb_column_inner saved_specialty_column_type=&#8221;2_3&#8243; _builder_version=&#8221;4.7.7&#8243; _module_preset=&#8221;default&#8221;][et_pb_text _builder_version=&#8221;4.7.7&#8243; _module_preset=&#8221;default&#8221; animation_style=&#8221;fade&#8221;]<\/p>\n<h3>The New Magic Mushroom<\/h3>\n<p>De Psilocybe hollandia is een nieuwe hyper-sterke magic truffel. De hollandia noemt men ook wel de Psychonauts Delight. Deze magic truffel wordt geteeld in Nederland en is een must voor de echte psychonaut die streeft naar een langere trip en een fantastische visuele ervaring. De Psilocybe hollandia is een verbeterde vorm van de bekende paddo. Paddo&#8217;s zijn in Nederland verboden sinds 1 december 2008, Magic Truffles echter niet.<\/p>\n<h3>Wat maakt de Psilocybe hollandia zo speciaal?<\/h3>\n<p>De Psilocybe hollandia wordt met veel zorg gekweekt waardoor deze bijna twee keer zoveel droge stof als de Psilocybe Atlantis bevat. Tegelijkertijd is de smaak van de hollandia truffel beter dan van andere truffels.<\/p>\n<h3>Fenomenale visuele effecten<\/h3>\n<p>De ervaring van de gebruiker is het belangrijkste. Niet iedere magic truffel gebruiker heeft dezelfde hoeveelheid psilocybine nodig. Uit de ontvangen feedback van gebruikers zijn twee dingen naar voren gekomen:<\/p>\n<ul>\n<li>de visuele effecten komen bij de Psilocybe hollandia veel vaker voor dan bij de andere magic truffels. In feite blijven de effecten van de truffel de hele trip merkbaar.<\/li>\n<li>de visuele effecten zijn kleurrijker en overweldigender dan alle andere magic truffels of magic mushrooms tot nu toe.<\/li>\n<\/ul>\n<h3>Langere trip, betere smaak<\/h3>\n<p>De Psilocybe hollandia is een truffel die je meeneemt op een onvergetelijke reis. Het is een ervaring die je met je vrienden moet delen. Aan het begin van de trip veranderen alle kleuren en vormen in iets speciaals. Minuten later beleef je de mooiste visuals. Met \u00e9\u00e9n portie hollandia truffels kun je zelfs met zijn twee\u00ebn genieten, want een halve dosis is voldoende voor een onvergetelijke ervaring!<\/p>\n<p>Door het bijzondere groeiproces heeft de truffel geen zure smaak. De hollandia truffel smaakt als een walnoot, zonder de zure nasmaak van de meeste truffels.<\/p>\n<h3>Meer plezier<\/h3>\n<p>Mensen die ervaring hebben met de effecten van psilocybine , kunnen gerust de gebruikelijke 15 gram dosering nemen. Als u onervaren bent met trippen, raden wij aan een halve dosis: 7,5 gram te nemen.<\/p>\n<p>Hoewel de Psilocybe hollandia twee keer zo sterk is als andere magic truffels, en een veel betere smaak heeft, wordt de prijs niet verdubbeld.<\/p>\n<p>Dus onthoud wanneer je overweegt om de Psilocybe hollandia te bestellen: de prijs is misschien iets hoger, maar de inhoud is twee keer zo sterk!<\/p>\n<p>[\/et_pb_text][\/et_pb_column_inner][\/et_pb_row_inner][\/et_pb_column][et_pb_column type=&#8221;1_3&#8243; _builder_version=&#8221;3.25&#8243; custom_padding=&#8221;|||&#8221; custom_padding__hover=&#8221;|||&#8221;][et_pb_sidebar area=&#8221;et_pb_widget_area_2&#8243; show_border=&#8221;off&#8221; _builder_version=&#8221;4.7.7&#8243; _module_preset=&#8221;default&#8221; header_text_color=&#8221;#b4a07a&#8221; header_font_size=&#8221;25px&#8221; header_line_height=&#8221;1.6em&#8221;][\/et_pb_sidebar][\/et_pb_column][\/et_pb_section][et_pb_section fb_built=&#8221;1&#8243; fullwidth=&#8221;on&#8221; _builder_version=&#8221;4.7.7&#8243; _module_preset=&#8221;default&#8221; global_module=&#8221;603&#8243; saved_tabs=&#8221;all&#8221;][et_pb_fullwidth_image src=&#8221;https:\/\/microdosingxp.com\/wp-content\/uploads\/Inner-peace2.png&#8221; title_text=&#8221;Inner peace2&#8243; _builder_version=&#8221;4.7.7&#8243; _module_preset=&#8221;default&#8221;][\/et_pb_fullwidth_image][\/et_pb_section]<\/p>\n","protected":false},"excerpt":{"rendered":"<p>The New Magic Mushroom De Psilocybe hollandia is een nieuwe hyper-sterke magic truffel. De hollandia noemt men ook wel de Psychonauts Delight. Deze magic truffel wordt geteeld in Nederland en is een must voor de echte psychonaut die streeft naar een langere trip en een fantastische visuele ervaring. De Psilocybe hollandia is een verbeterde vorm [&hellip;]<\/p>\n","protected":false},"author":3,"featured_media":0,"parent":970,"menu_order":0,"comment_status":"closed","ping_status":"closed","template":"","meta":{"_et_pb_use_builder":"on","_et_pb_old_content":"","_et_gb_content_width":"","footnotes":""},"class_list":["post-1116","page","type-page","status-publish","hentry"],"yoast_head":"<!-- This site is optimized with the Yoast SEO plugin v27.4 - https:\/\/yoast.com\/product\/yoast-seo-wordpress\/ -->\n<title>Psilocybe Hollandia XP - MicrodosingXP<\/title>\n<meta name=\"robots\" content=\"index, follow, max-snippet:-1, max-image-preview:large, max-video-preview:-1\" \/>\n<link rel=\"canonical\" href=\"https:\/\/microdosingxp.com\/nl\/magic-truffles-xp\/psilocybe-hollandia-xp\/\" \/>\n<meta property=\"og:locale\" content=\"nl_NL\" \/>\n<meta property=\"og:type\" content=\"article\" \/>\n<meta property=\"og:title\" content=\"Psilocybe Hollandia XP - MicrodosingXP\" \/>\n<meta property=\"og:description\" content=\"The New Magic Mushroom De Psilocybe hollandia is een nieuwe hyper-sterke magic truffel. De hollandia noemt men ook wel de Psychonauts Delight. Deze magic truffel wordt geteeld in Nederland en is een must voor de echte psychonaut die streeft naar een langere trip en een fantastische visuele ervaring. De Psilocybe hollandia is een verbeterde vorm [&hellip;]\" \/>\n<meta property=\"og:url\" content=\"https:\/\/microdosingxp.com\/nl\/magic-truffles-xp\/psilocybe-hollandia-xp\/\" \/>\n<meta property=\"og:site_name\" content=\"MicrodosingXP\" \/>\n<meta property=\"article:modified_time\" content=\"2021-01-30T10:47:34+00:00\" \/>\n<meta name=\"twitter:card\" content=\"summary_large_image\" \/>\n<meta name=\"twitter:label1\" content=\"Geschatte leestijd\" \/>\n\t<meta name=\"twitter:data1\" content=\"3 minuten\" \/>\n<script type=\"application\/ld+json\" class=\"yoast-schema-graph\">{\"@context\":\"https:\\\/\\\/schema.org\",\"@graph\":[{\"@type\":\"WebPage\",\"@id\":\"https:\\\/\\\/microdosingxp.com\\\/en\\\/magic-truffles-xp\\\/psilocybe-hollandia-xp\\\/\",\"url\":\"https:\\\/\\\/microdosingxp.com\\\/en\\\/magic-truffles-xp\\\/psilocybe-hollandia-xp\\\/\",\"name\":\"Psilocybe Hollandia XP - MicrodosingXP\",\"isPartOf\":{\"@id\":\"https:\\\/\\\/microdosingxp.com\\\/#website\"},\"datePublished\":\"2021-01-19T10:54:07+00:00\",\"dateModified\":\"2021-01-30T10:47:34+00:00\",\"breadcrumb\":{\"@id\":\"https:\\\/\\\/microdosingxp.com\\\/en\\\/magic-truffles-xp\\\/psilocybe-hollandia-xp\\\/#breadcrumb\"},\"inLanguage\":\"nl-NL\",\"potentialAction\":[{\"@type\":\"ReadAction\",\"target\":[\"https:\\\/\\\/microdosingxp.com\\\/en\\\/magic-truffles-xp\\\/psilocybe-hollandia-xp\\\/\"]}]},{\"@type\":\"BreadcrumbList\",\"@id\":\"https:\\\/\\\/microdosingxp.com\\\/en\\\/magic-truffles-xp\\\/psilocybe-hollandia-xp\\\/#breadcrumb\",\"itemListElement\":[{\"@type\":\"ListItem\",\"position\":1,\"name\":\"Home\",\"item\":\"https:\\\/\\\/microdosingxp.com\\\/nl\\\/\"},{\"@type\":\"ListItem\",\"position\":2,\"name\":\"Magic Truffles XP\",\"item\":\"https:\\\/\\\/microdosingxp.com\\\/nl\\\/magic-truffles-xp\\\/\"},{\"@type\":\"ListItem\",\"position\":3,\"name\":\"Psilocybe Hollandia XP\"}]},{\"@type\":\"WebSite\",\"@id\":\"https:\\\/\\\/microdosingxp.com\\\/#website\",\"url\":\"https:\\\/\\\/microdosingxp.com\\\/\",\"name\":\"MicrodosingXP\",\"description\":\"\",\"potentialAction\":[{\"@type\":\"SearchAction\",\"target\":{\"@type\":\"EntryPoint\",\"urlTemplate\":\"https:\\\/\\\/microdosingxp.com\\\/?s={search_term_string}\"},\"query-input\":{\"@type\":\"PropertyValueSpecification\",\"valueRequired\":true,\"valueName\":\"search_term_string\"}}],\"inLanguage\":\"nl-NL\"}]}<\/script>\n<!-- \/ Yoast SEO plugin. -->","yoast_head_json":{"title":"Psilocybe Hollandia XP - MicrodosingXP","robots":{"index":"index","follow":"follow","max-snippet":"max-snippet:-1","max-image-preview":"max-image-preview:large","max-video-preview":"max-video-preview:-1"},"canonical":"https:\/\/microdosingxp.com\/nl\/magic-truffles-xp\/psilocybe-hollandia-xp\/","og_locale":"nl_NL","og_type":"article","og_title":"Psilocybe Hollandia XP - MicrodosingXP","og_description":"The New Magic Mushroom De Psilocybe hollandia is een nieuwe hyper-sterke magic truffel. De hollandia noemt men ook wel de Psychonauts Delight. Deze magic truffel wordt geteeld in Nederland en is een must voor de echte psychonaut die streeft naar een langere trip en een fantastische visuele ervaring. De Psilocybe hollandia is een verbeterde vorm [&hellip;]","og_url":"https:\/\/microdosingxp.com\/nl\/magic-truffles-xp\/psilocybe-hollandia-xp\/","og_site_name":"MicrodosingXP","article_modified_time":"2021-01-30T10:47:34+00:00","twitter_card":"summary_large_image","twitter_misc":{"Geschatte leestijd":"3 minuten"},"schema":{"@context":"https:\/\/schema.org","@graph":[{"@type":"WebPage","@id":"https:\/\/microdosingxp.com\/en\/magic-truffles-xp\/psilocybe-hollandia-xp\/","url":"https:\/\/microdosingxp.com\/en\/magic-truffles-xp\/psilocybe-hollandia-xp\/","name":"Psilocybe Hollandia XP - MicrodosingXP","isPartOf":{"@id":"https:\/\/microdosingxp.com\/#website"},"datePublished":"2021-01-19T10:54:07+00:00","dateModified":"2021-01-30T10:47:34+00:00","breadcrumb":{"@id":"https:\/\/microdosingxp.com\/en\/magic-truffles-xp\/psilocybe-hollandia-xp\/#breadcrumb"},"inLanguage":"nl-NL","potentialAction":[{"@type":"ReadAction","target":["https:\/\/microdosingxp.com\/en\/magic-truffles-xp\/psilocybe-hollandia-xp\/"]}]},{"@type":"BreadcrumbList","@id":"https:\/\/microdosingxp.com\/en\/magic-truffles-xp\/psilocybe-hollandia-xp\/#breadcrumb","itemListElement":[{"@type":"ListItem","position":1,"name":"Home","item":"https:\/\/microdosingxp.com\/nl\/"},{"@type":"ListItem","position":2,"name":"Magic Truffles XP","item":"https:\/\/microdosingxp.com\/nl\/magic-truffles-xp\/"},{"@type":"ListItem","position":3,"name":"Psilocybe Hollandia XP"}]},{"@type":"WebSite","@id":"https:\/\/microdosingxp.com\/#website","url":"https:\/\/microdosingxp.com\/","name":"MicrodosingXP","description":"","potentialAction":[{"@type":"SearchAction","target":{"@type":"EntryPoint","urlTemplate":"https:\/\/microdosingxp.com\/?s={search_term_string}"},"query-input":{"@type":"PropertyValueSpecification","valueRequired":true,"valueName":"search_term_string"}}],"inLanguage":"nl-NL"}]}},"_links":{"self":[{"href":"https:\/\/microdosingxp.com\/nl\/wp-json\/wp\/v2\/pages\/1116","targetHints":{"allow":["GET"]}}],"collection":[{"href":"https:\/\/microdosingxp.com\/nl\/wp-json\/wp\/v2\/pages"}],"about":[{"href":"https:\/\/microdosingxp.com\/nl\/wp-json\/wp\/v2\/types\/page"}],"author":[{"embeddable":true,"href":"https:\/\/microdosingxp.com\/nl\/wp-json\/wp\/v2\/users\/3"}],"replies":[{"embeddable":true,"href":"https:\/\/microdosingxp.com\/nl\/wp-json\/wp\/v2\/comments?post=1116"}],"version-history":[{"count":0,"href":"https:\/\/microdosingxp.com\/nl\/wp-json\/wp\/v2\/pages\/1116\/revisions"}],"up":[{"embeddable":true,"href":"https:\/\/microdosingxp.com\/nl\/wp-json\/wp\/v2\/pages\/970"}],"wp:attachment":[{"href":"https:\/\/microdosingxp.com\/nl\/wp-json\/wp\/v2\/media?parent=1116"}],"curies":[{"name":"wp","href":"https:\/\/api.w.org\/{rel}","templated":true}]}}